{"id":1066,"date":"2017-06-07T11:30:50","date_gmt":"2017-06-07T11:30:50","guid":{"rendered":"http:\/\/cmpartner.se\/?page_id=1066"},"modified":"2021-05-17T16:29:22","modified_gmt":"2021-05-17T16:29:22","slug":"varma-leads","status":"publish","type":"page","link":"https:\/\/cmpartner.se\/en\/varma-leads\/","title":{"rendered":"Varma leads"},"content":{"rendered":"<p><\/p>\n<h1 style=\"text-align: center;\">S\u00e5 f\u00e5r du varma\u00a0leads och nya kunder<\/h1>\n<h4 style=\"text-align: center;\">Vi hj\u00e4lper framg\u00e5ngsrikt f\u00f6retag inom olika branscher att f\u00e5 varma\u00a0leads och nya kunder genom e-postmarknadsf\u00f6ring. I v\u00e5r databas med marknadsinformation finns\u00a0720 000 e-postadresser till nordiska f\u00f6retag. D\u00e4ribland personliga e-postadresser till beslutsfattare.\u00a0Det ger dig m\u00f6jligheten att n\u00e5 just den m\u00e5lgrupp av f\u00f6retagsledare som s\u00f6ker efter era produkter och tj\u00e4nster.<\/h4>\n<h4 style=\"text-align: center;\"><strong><span style=\"text-decoration: underline;\"><a style=\"color: #35d6ab; text-decoration: underline;\" href=\"http:\/\/cmpartner.se\/kontakta-oss\/\">Kontakta oss f\u00f6r en kostnadsfri r\u00e5dgivning!<\/a><\/span><\/strong><\/h4>\n<p style=\"text-align: center;\"><img loading=\"lazy\" decoding=\"async\" class=\"aligncenter wp-image-1401\" src=\"http:\/\/media.cmpartner.se\/2017\/06\/dator-e-postmarknadsforing.jpg\" alt=\"Varma leads\" width=\"1000\" height=\"560\" srcset=\"https:\/\/media.cmpartner.se\/2017\/06\/dator-e-postmarknadsforing.jpg 1204w, https:\/\/media.cmpartner.se\/2017\/06\/dator-e-postmarknadsforing-300x168.jpg 300w, https:\/\/media.cmpartner.se\/2017\/06\/dator-e-postmarknadsforing-768x430.jpg 768w, https:\/\/media.cmpartner.se\/2017\/06\/dator-e-postmarknadsforing-1024x573.jpg 1024w\" sizes=\"auto, (max-width: 1000px) 100vw, 1000px\" \/><\/p>\n<h1 style=\"text-align: center;\">Vet du att?<\/h1>\n<p style=\"text-align: center;\"><em><strong>Det \u00e4r 40 g\u00e5nger l\u00e4ttare att f\u00e5 nya kunder genom e-post j\u00e4mf\u00f6rt med Facebook och Twitter.<\/strong><\/em><br \/>\n<em>(K\u00e4lla: McKinsey &amp; Company)<\/em><\/p>\n<p style=\"text-align: center;\"><em><strong>66 % har genomf\u00f6rt ett k\u00f6p efter att ha tagit emot ett budskap genom e-post vilket \u00e4r h\u00f6gre \u00e4n b\u00e5de sociala medier och DR-utskick.<\/strong> <\/em><br \/>\n<em>(K\u00e4lla: The DMA)<\/em><\/p>\n<p style=\"text-align: center;\"><em><strong>Konverteringsgraden \u00e4r 40 % h\u00f6gre hos e-post j\u00e4mf\u00f6rt med Facebook och Twitter.<\/strong> <\/em><br \/>\n<em>(K\u00e4lla: Kissmetrics)<\/em><\/p>\n<p style=\"text-align: left;\">Vi hj\u00e4lper dig med din e-postkampanj fr\u00e5n start till m\u00e5l. Utskicket kvalitetss\u00e4kras, mobilanpassas och utformas efter era grafiska riktlinjer. Efter utskicket f\u00e5r du en statistikrapport och kontaktuppgifter till alla de beslutsfattare som varit aktiva i ditt e-postutskick. Med ett enda utskick kan vi potentiellt ge dig hundratals leads att bearbeta.<\/p>\n<p style=\"text-align: left;\"><em>Se ett smakprov p\u00e5 hur en leads-lista kan se ut, klicka p\u00e5 bilden!<\/em><\/p>\n<p style=\"text-align: left;\"><strong><span style=\"text-decoration: underline;\"><a style=\"color: #35d6ab; text-decoration: underline;\" href=\"http:\/\/cmpartner.se\/marknadsinformation\/e-postmarknadsforing\/\">L\u00e4s mer om e-postmarknadsf\u00f6ring h\u00e4r!<\/a><\/span><\/strong><\/p>\n<h2 style=\"text-align: left;\"><\/h2>\n<h2 style=\"text-align: left;\">Skr\u00e4ddarsydd m\u00e5lgrupp<\/h2>\n<p style=\"text-align: left;\">Vi hj\u00e4lper dig att ta fram din skr\u00e4ddarsydda\u00a0m\u00e5lgrupp utifr\u00e5n en rad olika variabler. Bland annat geografi, ett 100-tal branscher och ett 40-tal titlar.\u00a0V\u00e4lj bland\u00a0exempelvis vd, personalchef, f\u00f6rs\u00e4ljningschef, marknadschef eller IT-chef.<\/p>\n<p style=\"text-align: left;\"><strong><span style=\"text-decoration: underline;\"><a style=\"color: #35d6ab; text-decoration: underline;\" href=\"http:\/\/cmpartner.se\/marknadsinformation\/e-postadresser\/\">L\u00e4s mer om e-postadresser h\u00e4r!<\/a><\/span><\/strong><\/p>\n<h2 style=\"text-align: left;\"><\/h2>\n<blockquote>\n<p style=\"text-align: center;\">\u201dVi har gjort ett antal e-postkampanjer med Nordic Market Data. Resultatet \u00e4r en stor \u00f6kning av kvalitativa bes\u00f6kare p\u00e5 v\u00e5r hemsida och att f\u00f6rs\u00e4ljningen steg med 59 % en vecka i mars 2019. Vi kan varmt rekommendera Nordic Market Data.\u201d<br \/>\n<strong>Niklas Torebring,\u00a0<\/strong><strong>Torebrings Grossist AB<\/strong><\/p>\n<p style=\"text-align: center;\">\u201dVi har testat ett antal leverant\u00f6rer n\u00e4r det g\u00e4ller e-postkampanjer och har nu valt att enbart arbeta med Nordic Market Data. Kampanjerna som de hj\u00e4lpt oss med har gett \u00f6verl\u00e4gset b\u00e4st resultat. Vi ser det klart och tydligt d\u00e5 vi s\u00e4nkte v\u00e5r marknadsf\u00f6ringsbudget med 38 000 kr och \u00f6kade oms\u00e4ttningen med 10 %.\u201d<br \/>\n<strong>Tony Nilsson,\u00a0<\/strong><strong>Solberga Konfektyrfabrik AB<\/strong><\/p>\n<\/blockquote>\n<h2 style=\"text-align: left;\"><\/h2>\n<h2 style=\"text-align: left;\">Vill du veta mer om hur du f\u00e5r varma leads?\u00a0Kontakta oss!<\/h2>\n<h4 style=\"text-align: left;\">Ring\u00a008-562 325 02, mejla oss p\u00e5 <span style=\"text-decoration: underline;\"><a style=\"color: #35d6ab;\" href=\"mailto:info@NordicMarketData.se\">info@NordicMarketData.se<\/a><\/span> eller fyll i kontaktformul\u00e4ret nedan.<\/h4>\n<h2 style=\"margin-top: 70px; text-align: left;\">Kontaktformul\u00e4r<\/h2>\n<p><strong><code>\n\n<div class=\"pirate_forms_container widget-no\" id=\"pirate_forms_container_default\">\n\t<!-- header -->\n\t\n\t<!-- thank you -->\n\t\n\t<div class=\"pirate_forms_wrap\">\n\t<!-- errors -->\n\t\n\t<!-- form -->\n\n\t\t<form\n\t\t\tmethod=\"post\"\n\t\t\tenctype=\"application\/x-www-form-urlencoded\"\n\t\t\tclass=\"pirate_forms  form_honeypot-on wordpress-nonce-on pirate-forms-contact-name-on pirate-forms-contact-email-on pirate-forms-contact-subject-on pirate-forms-contact-message-on pirate-forms-captcha-on pirate-forms-contact-submit-on pirate_forms_from_form-on\"\n\t\t\t\t\t>\n\t\t\t<div class=\"pirate_forms_three_inputs_wrap \">\n\t\n\n<div class=\"col-lg-4 col-sm-4 form_field_wrap\">\n\t\t<input type=\"text\" class=\"form-control input\" id=\"pirate-forms-contact-name\" name=\"pirate-forms-contact-name\" class=\"\" placeholder=\"Your name\" required oninvalid=\"this.setCustomValidity('Enter your name')\" onchange=\"this.setCustomValidity('')\" value=\"\" >\n<\/div>\n\n\n<div class=\"col-lg-4 col-sm-4 form_field_wrap\">\n\t\t<input type=\"email\" class=\"form-control\" id=\"pirate-forms-contact-email\" name=\"pirate-forms-contact-email\" class=\"\" placeholder=\"Your e-mail\" required oninvalid=\"this.setCustomValidity('Enter a valid email')\" onchange=\"this.setCustomValidity('')\" value=\"\" >\n<\/div>\n\n\n<div class=\"col-lg-4 col-sm-4 form_field_wrap\">\n\t\t<input type=\"text\" class=\"form-control input\" id=\"pirate-forms-contact-subject\" name=\"pirate-forms-contact-subject\" class=\"\" placeholder=\"Subject\" required oninvalid=\"this.setCustomValidity('Please enter a subject')\" onchange=\"this.setCustomValidity('')\" value=\"\" >\n<\/div>\n\t\t\t<\/div>\n\n\t\n\n<div class=\"col-lg-12 col-sm-12 form_field_wrap\">\n\t\t<textarea rows=\"5\" cols=\"30\" class=\"form-control input\" id=\"pirate-forms-contact-message\" name=\"pirate-forms-contact-message\" class=\"\" placeholder=\"Message\" required oninvalid=\"this.setCustomValidity('Enter your question or comment')\" onchange=\"this.setCustomValidity('')\" ><\/textarea>\n<\/div>\n\n\n<div class=\"col-xs-12 form_field_wrap form_captcha_wrap\">\n\t<div id=\"pirate-forms-captcha\" class=\"g-recaptcha pirate-forms-google-recaptcha\"  data-sitekey=\"6LdIYxcUAAAAABk3GYrMSFzGxJLk_y3PSz1DExXy\">\n\t<\/div>\n<\/div>\n\n\n<div class=\"col-xs-12 form_field_wrap contact_submit_wrap\">\n\t<button type=\"submit\" class=\"btn btn-primary custom-button red-btn pirate-forms-submit-button\" id=\"pirate-forms-contact-submit\" name=\"pirate-forms-contact-submit\" class=\"pirate-forms-submit-button btn btn-primary \" placeholder=\"\" >Submit<\/button>\n<\/div>\n<input type=\"hidden\" id=\"pirate_forms_ajax\" name=\"pirate_forms_ajax\" class=\"\" placeholder=\"\"  value=\"0\"><div class=\"form_field_wrap hidden\" style=\"display: none\"><input type=\"text\" id=\"form_honeypot\" name=\"honeypot\" class=\"\" placeholder=\"\"  value=\"\"><\/div><input type=\"hidden\" id=\"pirate_forms_from_widget\" name=\"pirate_forms_from_widget\" class=\"\" placeholder=\"\"  value=\"0\"><input type=\"hidden\" id=\"wordpress-nonce\" name=\"wordpress-nonce\" class=\"\" placeholder=\"\"  value=\"9bb8083dc8\"><input type=\"hidden\" id=\"pirate_forms_from_form\" name=\"pirate_forms_from_form\" class=\"\" placeholder=\"\"  value=\"2219f036bb\">\t\t<\/form>\n\n\t\n\t\t<div class=\"pirate_forms_clearfix\"><\/div>\n\t<\/div>\n\n\t<!-- footer -->\n\t\n<\/div>\n<\/code><\/strong><\/p>\n<p style=\"text-align: left;\">\n<p><\/p>","protected":false},"excerpt":{"rendered":"<p>S\u00e5 f\u00e5r du varma\u00a0leads och nya kunder Vi hj\u00e4lper framg\u00e5ngsrikt f\u00f6retag inom olika branscher att f\u00e5 varma\u00a0leads och nya kunder genom e-postmarknadsf\u00f6ring. I v\u00e5r databas med marknadsinformation finns\u00a0720 000 e-postadresser till nordiska f\u00f6retag. D\u00e4ribland personliga e-postadresser till beslutsfattare.\u00a0Det ger dig m\u00f6jligheten att n\u00e5 just den m\u00e5lgrupp av f\u00f6retagsledare som s\u00f6ker efter era produkter och tj\u00e4nster.<a href=\"https:\/\/cmpartner.se\/en\/varma-leads\/\">[&#8230;]<\/a><\/p>\n","protected":false},"author":3,"featured_media":0,"parent":0,"menu_order":0,"comment_status":"closed","ping_status":"closed","template":"template-fullwidth.php","meta":{"_mi_skip_tracking":false,"footnotes":""},"class_list":["post-1066","page","type-page","status-publish","hentry"],"_links":{"self":[{"href":"https:\/\/cmpartner.se\/en\/wp-json\/wp\/v2\/pages\/1066","targetHints":{"allow":["GET"]}}],"collection":[{"href":"https:\/\/cmpartner.se\/en\/wp-json\/wp\/v2\/pages"}],"about":[{"href":"https:\/\/cmpartner.se\/en\/wp-json\/wp\/v2\/types\/page"}],"author":[{"embeddable":true,"href":"https:\/\/cmpartner.se\/en\/wp-json\/wp\/v2\/users\/3"}],"replies":[{"embeddable":true,"href":"https:\/\/cmpartner.se\/en\/wp-json\/wp\/v2\/comments?post=1066"}],"version-history":[{"count":38,"href":"https:\/\/cmpartner.se\/en\/wp-json\/wp\/v2\/pages\/1066\/revisions"}],"predecessor-version":[{"id":3705,"href":"https:\/\/cmpartner.se\/en\/wp-json\/wp\/v2\/pages\/1066\/revisions\/3705"}],"wp:attachment":[{"href":"https:\/\/cmpartner.se\/en\/wp-json\/wp\/v2\/media?parent=1066"}],"curies":[{"name":"wp","href":"https:\/\/api.w.org\/{rel}","templated":true}]}}